{"id":3206,"date":"2025-07-29T18:01:06","date_gmt":"2025-07-29T16:01:06","guid":{"rendered":"https:\/\/camille-lorenz.com\/fuer-privatpersonen-franzoesisch\/"},"modified":"2025-07-31T13:38:10","modified_gmt":"2025-07-31T11:38:10","slug":"fuer-privatpersonen-franzoesisch","status":"publish","type":"page","link":"https:\/\/camille-lorenz.com\/fr\/fuer-privatpersonen-franzoesisch\/","title":{"rendered":"F\u00fcr Privatpersonen (Franz\u00f6sisch)"},"content":{"rendered":"<div id=\"cs-content\" class=\"cs-content\"><div class=\"x-grid e3206-e1 m2h2-0 m2h2-1\"><div class=\"x-cell e3206-e2 m2h2-k m2h2-l m2h2-m m2h2-3 m2h2-4 m2h2-5 x-effect-exit\" data-x-effect=\"{&quot;scroll&quot;:true,&quot;offsetTop&quot;:&quot;0%&quot;,&quot;offsetBottom&quot;:&quot;0%&quot;,&quot;behaviorScroll&quot;:&quot;fire-once&quot;}\"><div class=\"x-text x-text-headline e3206-e3 m2h2-10 m2h2-11 m2h2-12 m2h2-13 m2h2-14 m2h2-15 m2h2-16 m2h2-17 m2h2-6\"><div class=\"x-text-content\"><div class=\"x-text-content-text\"><h1 class=\"x-text-content-text-primary\">Moins de stress, plus d'&eacute;nergie - dans la vie et au travail<\/h1>\n<\/div><\/div><\/div><div class=\"x-text x-content e3206-e4 m2h2-1f m2h2-1g m2h2-1h m2h2-1i\"><p data-start=\"87\" data-end=\"358\"><strong data-start=\"87\" data-end=\"167\">\u00c0 quoi me servent les meilleures qualifications si je ne suis pas en forme ? <\/strong>Lorsqu\u2019on est constamment sous pression, on se sent vite \u00e9puis\u00e9 \u2013 et on finit par r\u00e9aliser que le stress, la pression et les exigences \u00e9lev\u00e9es laissent des traces sur le corps et l\u2019esprit.<\/p>\n<p data-start=\"360\" data-end=\"659\"><strong data-start=\"360\" data-end=\"437\">Le Kundalini Yoga offre une m\u00e9thode puissante pour y rem\u00e9dier activement. <\/strong>Gr\u00e2ce \u00e0 des techniques de respiration sp\u00e9cifiques, \u00e0 la m\u00e9ditation et \u00e0 des exercices physiques, tu apprends \u00e0 mieux g\u00e9rer les contraintes et \u00e0 rester en bonne sant\u00e9, clair d\u2019esprit et plein d\u2019\u00e9nergie sur le long terme.<\/p>\n<p data-start=\"661\" data-end=\"862\">Ce n\u2019est pas une simple offre \u00ab bien-\u00eatre \u00bb, mais un entra\u00eenement efficace pour renforcer ta force int\u00e9rieure, ta r\u00e9silience et ta clart\u00e9 mentale \u2013 des qualit\u00e9s plus importantes que jamais aujourd\u2019hui.<\/p><\/div><div class=\"x-row e3206-e5 m2h2-1o m2h2-1p m2h2-1q m2h2-1r m2h2-1w m2h2-1x\"><div class=\"x-row-inner\"><div class=\"x-col e3206-e6 m2h2-24 m2h2-25 m2h2-26 m2h2-27\"><div class=\"x-text x-text-headline e3206-e7 m2h2-10 m2h2-11 m2h2-13 m2h2-15 m2h2-16 m2h2-18 m2h2-19\"><div class=\"x-text-content\"><div class=\"x-text-content-text\"><h1 class=\"x-text-content-text-primary\">Contactez-moi !<\/h1>\n<\/div><\/div><\/div><\/div><div class=\"x-col e3206-e8 m2h2-24 m2h2-25 m2h2-26\"><div class=\"x-text x-text-headline e3206-e9 m2h2-10 m2h2-11 m2h2-16 m2h2-17 m2h2-18 m2h2-1a\"><div class=\"x-text-content\"><div class=\"x-text-content-text\"><h1 class=\"x-text-content-text-primary\">Tel.: <br \/>+49 160 354 17 22<\/h1>\n<\/div><\/div><\/div><\/div><div class=\"x-col e3206-e10 m2h2-24 m2h2-26 m2h2-28\"><div class=\"x-text x-text-headline e3206-e11 m2h2-10 m2h2-11 m2h2-16 m2h2-17 m2h2-18 m2h2-1a\"><div class=\"x-text-content\"><div class=\"x-text-content-text\"><h1 class=\"x-text-content-text-primary\">E-Mail: <br \/>mail@camille-lorenz.com<\/h1>\n<\/div><\/div><\/div><\/div><\/div><\/div><\/div><div class=\"x-cell e3206-e12 m2h2-m m2h2-n m2h2-o m2h2-p m2h2-q\"><span class=\"x-image e3206-e13 m2h2-2e m2h2-5 m2h2-7 m2h2-8 m2h2-9 x-effect-exit\" data-x-effect=\"{&quot;durationBase&quot;:&quot;600ms&quot;,&quot;scroll&quot;:true,&quot;offsetTop&quot;:&quot;10%&quot;,&quot;offsetBottom&quot;:&quot;10%&quot;,&quot;behaviorScroll&quot;:&quot;fire-once&quot;}\"><img decoding=\"async\" src=\"https:\/\/camille-lorenz.com\/wp-content\/uploads\/2023\/09\/230801-Camille-Lorenz-BogenschuetzerN.jpg\" width=\"600\" height=\"400\" alt=\"Image\" loading=\"lazy\"><\/span><div class=\"x-div e3206-e14 m2h2-2f m2h2-2g m2h2-2h m2h2-2i m2h2-2j\"><div class=\"x-grid e3206-e15 m2h2-1 m2h2-2\"><div class=\"x-cell e3206-e16 m2h2-m m2h2-p m2h2-q m2h2-r m2h2-s m2h2-t m2h2-u m2h2-v m2h2-4 m2h2-5 m2h2-8 m2h2-a m2h2-b m2h2-c x-effect-exit\" data-x-effect=\"{&quot;scroll&quot;:true,&quot;offsetTop&quot;:&quot;0%&quot;,&quot;offsetBottom&quot;:&quot;0%&quot;,&quot;behaviorScroll&quot;:&quot;fire-once&quot;}\"><\/div><div class=\"x-cell e3206-e17 m2h2-m m2h2-p m2h2-q m2h2-t m2h2-u m2h2-v m2h2-w m2h2-4 m2h2-5 m2h2-b m2h2-d m2h2-e x-effect-exit\" data-x-effect=\"{&quot;scroll&quot;:true,&quot;offsetTop&quot;:&quot;0%&quot;,&quot;offsetBottom&quot;:&quot;0%&quot;,&quot;behaviorScroll&quot;:&quot;fire-once&quot;}\"><\/div><div class=\"x-cell e3206-e18 m2h2-l m2h2-m m2h2-q m2h2-r m2h2-u m2h2-v m2h2-4 m2h2-5 m2h2-b m2h2-d m2h2-f x-effect-exit\" data-x-effect=\"{&quot;scroll&quot;:true,&quot;offsetTop&quot;:&quot;0%&quot;,&quot;offsetBottom&quot;:&quot;0%&quot;,&quot;behaviorScroll&quot;:&quot;fire-once&quot;}\"><\/div><div class=\"x-cell e3206-e19 m2h2-m m2h2-n m2h2-q m2h2-u m2h2-x m2h2-y m2h2-4 m2h2-5 m2h2-b m2h2-g x-effect-exit\" data-x-effect=\"{&quot;scroll&quot;:true,&quot;offsetTop&quot;:&quot;0%&quot;,&quot;offsetBottom&quot;:&quot;0%&quot;,&quot;behaviorScroll&quot;:&quot;fire-once&quot;}\"><\/div><div class=\"x-cell e3206-e20 m2h2-m m2h2-q m2h2-u m2h2-w m2h2-y m2h2-z m2h2-4 m2h2-5 m2h2-b m2h2-c m2h2-e m2h2-h x-effect-exit\" data-x-effect=\"{&quot;scroll&quot;:true,&quot;offsetTop&quot;:&quot;0%&quot;,&quot;offsetBottom&quot;:&quot;0%&quot;,&quot;behaviorScroll&quot;:&quot;fire-once&quot;}\"><\/div><\/div><\/div><\/div><\/div><div class=\"x-section e3206-e21 m2h2-2o m2h2-2p\"><div class=\"x-row e3206-e22 m2h2-1o m2h2-1q m2h2-1s m2h2-1t m2h2-1y m2h2-1z\"><div class=\"x-row-inner\"><div class=\"x-col e3206-e23 m2h2-24 m2h2-26 m2h2-28\"><div class=\"x-bg\" aria-hidden=\"true\"><div class=\"x-bg-layer-lower-image\" data-x-element-bg-layer=\"{&quot;parallaxSize&quot;:&quot;150%&quot;,&quot;parallaxDir&quot;:&quot;v&quot;,&quot;parallaxRev&quot;:false}\" style=\" background-image: url(https:\/\/camille-lorenz.com\/wp-content\/uploads\/2023\/06\/tree-736884_1920.jpg); background-repeat: no-repeat; background-position: 80% 50%; background-size: cover;\"><\/div><div class=\"x-bg-layer-upper-color\" style=\" background-color: rgba(0, 0, 0, 0.22);\"><\/div><\/div><hr class=\"x-line e3206-e24 m2h2-2u\"\/><\/div><div class=\"x-col e3206-e25 m2h2-24 m2h2-28 m2h2-29 m2h2-2a m2h2-2b\"><div class=\"x-text x-text-headline e3206-e26 m2h2-10 m2h2-12 m2h2-13 m2h2-1b m2h2-1c m2h2-1d m2h2-4 m2h2-5 m2h2-8 m2h2-9 m2h2-i x-effect-exit\" data-x-effect=\"{&quot;scroll&quot;:true,&quot;offsetTop&quot;:&quot;10%&quot;,&quot;offsetBottom&quot;:&quot;10%&quot;,&quot;behaviorScroll&quot;:&quot;fire-once&quot;}\"><div class=\"x-text-content\"><div class=\"x-text-content-text\"><h1 class=\"x-text-content-text-primary\">Faire le plein d\u2019\u00e9nergie et vivre plus sainement et plus consciemment<\/h1>\n<\/div><\/div><\/div><div class=\"x-text x-content e3206-e27 m2h2-1g m2h2-1h m2h2-1j m2h2-1k m2h2-1l m2h2-4 m2h2-5 m2h2-8 m2h2-9 m2h2-i x-effect-exit\" data-x-effect=\"{&quot;scroll&quot;:true,&quot;offsetTop&quot;:&quot;10%&quot;,&quot;offsetBottom&quot;:&quot;10%&quot;,&quot;behaviorScroll&quot;:&quot;fire-once&quot;}\"><p class=\"p2\">Tu as r\u00e9alis\u00e9 beaucoup de choses dans ta vie.<\/p>\n<p class=\"p2\">Une formation, un m\u00e9tier, peut-\u00eatre m\u00eame une famille.<\/p>\n<p class=\"p2\">En m\u00eame temps, le quotidien ne te laisse gu\u00e8re de temps pour ta propre sant\u00e9. \u2028Mais que se passe-t-il si tu te sens \u00e9puis\u00e9, que ton \u00e9nergie diminue et que ton corps commence \u00e0 envoyer des signes de faiblesse ?\n\n<p class=\"p2\">La sant\u00e9 est la v\u00e9ritable cl\u00e9 d'une r\u00e9ussite durable et d'un bonheur authentique. Car sans elle, tout le reste devient un d\u00e9fi.<\/p>\n<p>D\u00e9couvrons ensemble comment renforcer ton corps et ton esprit afin d'avoir encore plus de succ\u00e8s dans tous les domaines de ta vie. Car se sentir en forme permet d\u2019accomplir plus - et de vivre mieux et plus heureux<\/p><\/div><\/div><\/div><\/div><\/div><div class=\"x-section e3206-e28 m2h2-2o m2h2-2p m2h2-2q\"><div class=\"x-row e3206-e29 m2h2-1o m2h2-1q m2h2-1s m2h2-1t m2h2-1y m2h2-20\"><div class=\"x-row-inner\"><div class=\"x-col e3206-e30 m2h2-24 m2h2-28 m2h2-29 m2h2-2a m2h2-2c\"><div class=\"x-text x-text-headline e3206-e31 m2h2-10 m2h2-12 m2h2-13 m2h2-17 m2h2-1b m2h2-1c m2h2-4 m2h2-5 m2h2-8 m2h2-9 m2h2-i x-effect-exit\" data-x-effect=\"{&quot;scroll&quot;:true,&quot;offsetTop&quot;:&quot;10%&quot;,&quot;offsetBottom&quot;:&quot;10%&quot;,&quot;behaviorScroll&quot;:&quot;fire-once&quot;}\"><div class=\"x-text-content\"><div class=\"x-text-content-text\"><h1 class=\"x-text-content-text-primary\"><b>Retrouve ton \u00e9quilibre int\u00e9rieur gr\u00e2ce \u00e0 mon offre<\/b><\/h1>\n<\/div><\/div><\/div><div class=\"x-text x-content e3206-e32 m2h2-1g m2h2-1h m2h2-1j m2h2-1k m2h2-1m m2h2-4 m2h2-5 m2h2-8 m2h2-9 m2h2-i x-effect-exit\" data-x-effect=\"{&quot;scroll&quot;:true,&quot;offsetTop&quot;:&quot;10%&quot;,&quot;offsetBottom&quot;:&quot;10%&quot;,&quot;behaviorScroll&quot;:&quot;fire-once&quot;}\"><ul>\n \t<li class=\"li1\"><span class=\"s1\"><\/span><span class=\"s2\">Un accompagnement individuel avec <\/span>\n<ul class=\"ul2\">\n \t<li class=\"li1\"><span class=\"s3\"><\/span><span class=\"s2\">Exercices de respiration, de m\u00e9ditation et de yoga,<\/span><\/li>\n \t<li class=\"li1\"><span class=\"s3\"><\/span><span class=\"s2\">Yoga Kundalini,<\/span><\/li>\n \t<li class=\"li1\"><span class=\"s3\"><\/span><span class=\"s2\">Travail \u00e9nerg\u00e9tique global,<\/span><\/li>\n \t<li class=\"li2\"><span class=\"s4\"><\/span><span class=\"s5\">Magnified <\/span><span class=\"s2\">Healing \u00ae.<\/span><\/li>\n<\/ul>\n<\/li>\n \t<li class=\"li2\"><span class=\"s6\"><\/span><span class=\"s2\">Cours de Yoga Kundalini en groupe, en priv\u00e9, en pr\u00e9sentiel et en ligne.<\/span><\/li>\n<\/ul><\/div><\/div><div class=\"x-col e3206-e33 m2h2-24 m2h2-26 m2h2-28\"><div class=\"x-bg\" aria-hidden=\"true\"><div class=\"x-bg-layer-lower-image\" data-x-element-bg-layer=\"{&quot;parallaxSize&quot;:&quot;130%&quot;,&quot;parallaxDir&quot;:&quot;v&quot;,&quot;parallaxRev&quot;:false}\" style=\" background-image: url(https:\/\/camille-lorenz.com\/wp-content\/uploads\/2023\/09\/230801-Camille-Lorenz-4423_Ausschnitt1.jpg); background-repeat: no-repeat; background-position: 50% 50%; background-size: cover;\"><\/div><div class=\"x-bg-layer-upper-color\" style=\" background-color: rgba(0, 0, 0, 0.22);\"><\/div><\/div><hr class=\"x-line e3206-e34 m2h2-2u\"\/><\/div><\/div><\/div><\/div><div class=\"x-section e3206-e35 m2h2-2o m2h2-2p\"><div class=\"x-row e3206-e36 m2h2-1o m2h2-1q m2h2-1s m2h2-1t m2h2-1y m2h2-21\"><div class=\"x-row-inner\"><div class=\"x-col e3206-e37 m2h2-24 m2h2-26 m2h2-28\"><div class=\"x-bg\" aria-hidden=\"true\"><div class=\"x-bg-layer-lower-image\" data-x-element-bg-layer=\"{&quot;parallaxSize&quot;:&quot;130%&quot;,&quot;parallaxDir&quot;:&quot;v&quot;,&quot;parallaxRev&quot;:false}\" style=\" background-image: url(https:\/\/camille-lorenz.com\/wp-content\/uploads\/2023\/06\/1.jpg); background-repeat: no-repeat; background-position: 80% 50%; background-size: cover;\"><\/div><div class=\"x-bg-layer-upper-color\" style=\" background-color: rgba(0, 0, 0, 0.22);\"><\/div><\/div><hr class=\"x-line e3206-e38 m2h2-2u\"\/><\/div><div class=\"x-col e3206-e39 m2h2-24 m2h2-28 m2h2-29 m2h2-2a m2h2-2b\"><div class=\"x-text x-text-headline e3206-e40 m2h2-10 m2h2-12 m2h2-13 m2h2-1b m2h2-1c m2h2-1d m2h2-4 m2h2-5 m2h2-8 m2h2-9 m2h2-i x-effect-exit\" data-x-effect=\"{&quot;scroll&quot;:true,&quot;offsetTop&quot;:&quot;10%&quot;,&quot;offsetBottom&quot;:&quot;10%&quot;,&quot;behaviorScroll&quot;:&quot;fire-once&quot;}\"><div class=\"x-text-content\"><div class=\"x-text-content-text\"><h1 class=\"x-text-content-text-primary\">Pour quelles raisons le Yoga Kundalini ?<\/h1>\n<\/div><\/div><\/div><div class=\"x-text x-content e3206-e41 m2h2-1g m2h2-1h m2h2-1j m2h2-1k m2h2-1l m2h2-4 m2h2-5 m2h2-8 m2h2-9 m2h2-i x-effect-exit\" data-x-effect=\"{&quot;scroll&quot;:true,&quot;offsetTop&quot;:&quot;10%&quot;,&quot;offsetBottom&quot;:&quot;10%&quot;,&quot;behaviorScroll&quot;:&quot;fire-once&quot;}\"><p class=\"p1\">Dans notre monde moderne, la sant\u00e9 est souvent r\u00e9duite \u00e0 des sympt\u00f4mes. Pourtant, la vraie sant\u00e9 commence au plus profond de soi - l\u00e0 o\u00f9 le corps, la respiration et l'esprit communiquent entre eux.<\/p>\n<p class=\"p1\">Le Yoga Kundalini est plus qu'un simple mouvement : c'est une pratique qui soutient l'autogu\u00e9rison, l'alignement et renforce l'\u00e9nergie. Gr\u00e2ce \u00e0 des techniques de respiration cibl\u00e9es, des exercices dynamiques, la m\u00e9ditation et les mantras, tu peux :<\/p>\n\n<ul class=\"ul1\">\n \t<li class=\"li2\"><span class=\"s1\">renforcer ton syst\u00e8me nerveux,<\/span><\/li>\n \t<li class=\"li2\"><span class=\"s1\">r\u00e9duire les hormones du stress,<\/span><\/li>\n \t<li class=\"li2\"><span class=\"s1\"> augmenter ta r\u00e9silience,<\/span><\/li>\n \t<li class=\"li2\"><span class=\"s1\"> d\u00e9sintoxiquer ton corps<\/span><\/li>\n \t<li class=\"li2\"><span class=\"s1\"> et augmenter ta joie de vivre.<\/span><\/li>\n<\/ul>\n<p class=\"p1\"><b>Tu n'as pas besoin d'\u00eatre parfait(e) - tu dois juste \u00eatre pr\u00eat(e) \u00e0 te sentir \u00e0 nouveau toi-m\u00eame.<\/b><\/p><\/div><\/div><\/div><\/div><\/div><div class=\"x-section e3206-e42 m2h2-2o m2h2-2r m2h2-2s\"><div class=\"x-row x-container max width e3206-e43 m2h2-1o m2h2-1r m2h2-1t m2h2-1u m2h2-1v m2h2-1w m2h2-22\"><div class=\"x-row-inner\"><div class=\"x-col e3206-e44 m2h2-24 m2h2-25 m2h2-26 m2h2-27\"><div class=\"x-text x-text-headline e3206-e45 m2h2-10 m2h2-11 m2h2-13 m2h2-15 m2h2-16 m2h2-18 m2h2-19\"><div class=\"x-text-content\"><div class=\"x-text-content-text\"><h1 class=\"x-text-content-text-primary\">Contactez-moi !<\/h1>\n<\/div><\/div><\/div><\/div><div class=\"x-col e3206-e46 m2h2-24 m2h2-25 m2h2-26\"><div class=\"x-text x-text-headline e3206-e47 m2h2-10 m2h2-11 m2h2-16 m2h2-17 m2h2-18 m2h2-1a\"><div class=\"x-text-content\"><div class=\"x-text-content-text\"><h1 class=\"x-text-content-text-primary\">Tel.: <br \/>+49 160 354 17 22<\/h1>\n<\/div><\/div><\/div><\/div><div class=\"x-col e3206-e48 m2h2-24 m2h2-26 m2h2-28\"><div class=\"x-text x-text-headline e3206-e49 m2h2-10 m2h2-11 m2h2-16 m2h2-17 m2h2-18 m2h2-1a\"><div class=\"x-text-content\"><div class=\"x-text-content-text\"><h1 class=\"x-text-content-text-primary\">E-Mail: <br \/>mail@camille-lorenz.com<\/h1>\n<\/div><\/div><\/div><\/div><\/div><\/div><\/div><div class=\"x-section e3206-e50 m2h2-2o m2h2-2s m2h2-2t\"><div class=\"x-row e3206-e51 m2h2-1o m2h2-1r m2h2-1t m2h2-1u m2h2-1w m2h2-23\"><div class=\"x-row-inner\"><div class=\"x-col e3206-e52 m2h2-24 m2h2-26 m2h2-28 m2h2-29 m2h2-2d\"><div class=\"x-text x-text-headline e3206-e53 m2h2-10 m2h2-11 m2h2-12 m2h2-13 m2h2-1c m2h2-1d m2h2-1e m2h2-4 m2h2-5 m2h2-8 m2h2-9 m2h2-i x-effect-exit\" data-x-effect=\"{&quot;scroll&quot;:true,&quot;offsetTop&quot;:&quot;10%&quot;,&quot;offsetBottom&quot;:&quot;10%&quot;,&quot;behaviorScroll&quot;:&quot;fire-once&quot;}\"><div class=\"x-text-content\"><div class=\"x-text-content-text\"><h1 class=\"x-text-content-text-primary\"><b>R&eacute;f&eacute;rences<\/b><\/h1>\n<\/div><\/div><\/div><\/div><div class=\"x-col e3206-e54 m2h2-24 m2h2-26 m2h2-28\"><div class=\"x-div e3206-e55 m2h2-2f m2h2-2i m2h2-2j m2h2-2k\"><div class=\"x-div e3206-e56 m2h2-2f m2h2-2i m2h2-2j m2h2-2k\"><div class=\"x-slide-container-viewport is-loading e3206-e57 m2h2-2v\" data-x-slide-container=\"{&quot;keyboardNavigation&quot;:true,&quot;startingSlide&quot;:1,&quot;enter&quot;:&quot;fade&quot;,&quot;exit&quot;:&quot;fade&quot;,&quot;swipe&quot;:&quot;&quot;,&quot;stacked&quot;:true}\"><div class=\"x-slide-container-content x-container max width\"><div class=\"x-slide-container is-stacked\"><div class=\"x-slide e3206-e58 m2h2-2w\" data-x-slide=\"\"><div class=\"x-text x-content e3206-e59 m2h2-1h m2h2-1i m2h2-1k m2h2-1l m2h2-1n\"><span>\"Camille est une personne passionn\u00e9e par le yoga kundalini et ses cours sont \u00e0 l\u2019image de sa passion. Elle puise son \u00e9nergie dans cette discipline et sait vous la retransmettre tout au long de ses cours. Une belle exp\u00e9rience \u00e0 conseiller pour celles et ceux qui cherchent un yoga au mental fort.\" \u2013 <em>Emma T<\/em>.<\/span><\/div><\/div><div class=\"x-slide e3206-e60 m2h2-2w\" data-x-slide=\"\"><div class=\"x-text x-content e3206-e61 m2h2-1h m2h2-1i m2h2-1k m2h2-1l m2h2-1n\">\"Camille gab uns eine ruhige und klare Anleitung. Ihre Freude am gemeinsamen Yoga war ab dem Moment der Begr\u00fc\u00dfung an in den Stunden sp\u00fcrbar.\" \u2013 <em>C\u00e9line L.<\/em><\/div><\/div><div class=\"x-slide e3206-e62 m2h2-2w\" data-x-slide=\"\"><div class=\"x-text x-content e3206-e63 m2h2-1h m2h2-1i m2h2-1k m2h2-1l m2h2-1n\"><span>\u201cIt was a very nice experience to attend a yoga kundalini discovery session with Camille. Her knowledge and enthusiasm guide you through the session, which you leave with a lot of energy while feeling relaxed. I can only recommend Camille as a yoga teacher to anyone with some yoga experience already or anyone curious about it.\u201d \u2013 <em>Val\u00e9rie S.<\/em><\/span><\/div><\/div><div class=\"x-slide e3206-e64 m2h2-2w\" data-x-slide=\"\"><div class=\"x-text x-content e3206-e65 m2h2-1h m2h2-1i m2h2-1k m2h2-1l m2h2-1n\"><p><span>\u201eSuper s\u00e9ance de Yoga Kundalini, liant la respiration, la d\u00e9tente et le physique. Cette s\u00e9ance m\u2019a recentr\u00e9e et redonn\u00e9e une \u00e9nergie calme.<\/span><br \/>\n<span>La combinaison avec le dessert \u00e9quilibr\u00e9, sain, pr\u00e9sent\u00e9 par une passionn\u00e9e du bien-\u00eatre dans l\u2019assiette a fait de ce moment quelque chose de tr\u00e8s r\u00e9ussi et harmonieux.\u201c \u2013\u00a0<em>Christelle P.<\/em><\/span><\/p><\/div><\/div><div class=\"x-slide e3206-e66 m2h2-2w\" data-x-slide=\"\"><div class=\"x-text x-content e3206-e67 m2h2-1h m2h2-1i m2h2-1k m2h2-1l m2h2-1n\"><span>\u201eYoga Kundalini? Curieuse de voir. Cours tr\u00e8s bien expliqu\u00e9 par Camille Lorenz. Cours pour tout le monde. Et apr\u00e8s p\u00e2tisserie \u201eFrance D\u00e9lice\u201c. Tr\u00e8s bon et agr\u00e9able duo. F\u00e9licitations!\u201c \u2013 <em>Agn\u00e8s K.<\/em><\/span><\/div><\/div><div class=\"x-slide e3206-e68 m2h2-2w\" data-x-slide=\"\"><div class=\"x-text x-content e3206-e69 m2h2-1h m2h2-1i m2h2-1k m2h2-1l m2h2-1n\"><span>\"Absolut empfehlenswert! Ich habe bereits eine Zeit lang Yoga gemacht, bevor ich zu Camille kam, aber die Yoga-Stunden mit ihr ver\u00e4nderten noch einmal alles. Ich selbst versp\u00fcrte danach immer eine tiefe innere Zufriedenheit \ud83d\ude42 Camille verspr\u00fcht eine enorme Erfahrung und wei\u00df, worauf es beim Lehren und beim Praktizieren ankommt. Sie lehrt sehr sanft, und dennoch auf den Punkt und mit Kraft.\u201c \u2013 <em>Linda Wittmann<\/em><\/span><\/div><\/div><div class=\"x-slide e3206-e70 m2h2-2w\" data-x-slide=\"\"><div class=\"x-text x-content e3206-e71 m2h2-1h m2h2-1i m2h2-1k m2h2-1l m2h2-1n\"><p>&bdquo;Ich war einer der Ersten, der bei einem Yoga-Kurs von Camille Lorenz dabei sein durfte. Ich selbst praktiziere Yoga schon seit &uuml;ber 10 Jahren und war gespannt auf das Kundalini-Yoga. Es hat mir sehr gut gefallen! Camille erkl&auml;rt die &Uuml;bungen gut und kann die Teilnehmer begeistern. Es macht Freude und man f&uuml;hlt sich nach dem Kurs ausgeglichen und zentriert&ldquo; &ndash;&nbsp;<em>J&uuml;rgen Schroeder <\/em><\/p><\/div><\/div><div class=\"x-slide e3206-e72 m2h2-2w\" data-x-slide=\"\"><div class=\"x-text x-content e3206-e73 m2h2-1h m2h2-1i m2h2-1k m2h2-1l m2h2-1n\"><p style=\"font-weight: 400;\">\"Prenez beaucoup d\u2019attention, une bonne dose d\u2019\u00e9nergie positive, une s\u00e9r\u00e9nit\u00e9 communicative, un langage clair et concis, un grand respect pour les possibilit\u00e9s et le chemin de chacun et vous aurez un avant-gout des s\u00e9ances de Yoga Kundalini que Camille Lorenz anime ! Rajoutez \u00e0 cela le point cosy des s\u00e9ances : Le th\u00e9 chaud et parfum\u00e9 partag\u00e9.\u00a0 Une heure et demie qui passe tr\u00e8s vite, qui fait du bien et que je recommande chaleureusement\u202f!\" \u2013 <em>Aulde Henry<\/em><\/p><\/div><\/div><div class=\"x-slide e3206-e74 m2h2-2w\" data-x-slide=\"\"><div class=\"x-text x-content e3206-e75 m2h2-1h m2h2-1i m2h2-1k m2h2-1l m2h2-1n\">\"Wir durften als Apotheken-Team einen sehr entspannten und informativen Nachmittag bei Camille und ihrem Team erleben. Die Yoga-Einf\u00fchrung war nicht nur interessant, sondern hat uns sp\u00fcrbar vom Alltagsstress befreit \u2013 wir haben uns rundum wohlgef\u00fchlt. Besonders sch\u00f6n war auch die Einf\u00fchrung in die ayurvedische Kochkunst und das anschlie\u00dfende gemeinsame Kochen. Die Location KETAO in Maintal\/Hochstadt ist zudem sehr einladend \u2013 man f\u00fchlt sich sofort willkommen. \u201eEin Event, das wir uneingeschr\u00e4nkt weiterempfehlen k\u00f6nnen.\u201c \u2013 <em>U. Menzel + Team<\/em><\/div><\/div><\/div><\/div><\/div><div class=\"x-div e3206-e76 m2h2-2f m2h2-2g m2h2-2i m2h2-2k m2h2-2l m2h2-2m m2h2-j\"><a class=\"x-div e3206-e77 m2h2-2f m2h2-2j m2h2-2k m2h2-2l m2h2-2n\" href=\"#prev\" data-x-effect-provider=\"colors particles effects\" data-x-slide-prev=\"\"><i class=\"x-icon e3206-e78 m2h2-2x\" aria-hidden=\"true\" data-x-icon-o=\"&#xf060;\"><\/i><\/a><a class=\"x-div e3206-e79 m2h2-2f m2h2-2j m2h2-2k m2h2-2l m2h2-2n\" href=\"#next\" data-x-effect-provider=\"colors particles effects\" data-x-slide-next=\"\"><i class=\"x-icon e3206-e80 m2h2-2x\" aria-hidden=\"true\" data-x-icon-o=\"&#xf061;\"><\/i><\/a><\/div><\/div><ul class=\"x-slide-pagination is-row e3206-e81 m2h2-2y\" data-x-slide-pagination=\"\"><\/ul><\/div><\/div><\/div><\/div><\/div><\/div>\n","protected":false},"excerpt":{"rendered":"<p>Moins de stress, plus d&rsquo;&eacute;nergie &#8211; dans la vie et au travail \u00c0 quoi me servent les meilleures qualifications si je ne suis pas en forme ? Lorsqu\u2019on est constamment &#8230; <\/p>\n<div><a href=\"https:\/\/camille-lorenz.com\/fr\/fuer-privatpersonen-franzoesisch\/\" class=\"more-link\">Read More<\/a><\/div>\n","protected":false},"author":1,"featured_media":0,"parent":0,"menu_order":0,"comment_status":"closed","ping_status":"closed","template":"template-blank-4.php","meta":{"footnotes":""},"class_list":["post-3206","page","type-page","status-publish","hentry","no-post-thumbnail"],"_links":{"self":[{"href":"https:\/\/camille-lorenz.com\/fr\/wp-json\/wp\/v2\/pages\/3206","targetHints":{"allow":["GET"]}}],"collection":[{"href":"https:\/\/camille-lorenz.com\/fr\/wp-json\/wp\/v2\/pages"}],"about":[{"href":"https:\/\/camille-lorenz.com\/fr\/wp-json\/wp\/v2\/types\/page"}],"author":[{"embeddable":true,"href":"https:\/\/camille-lorenz.com\/fr\/wp-json\/wp\/v2\/users\/1"}],"replies":[{"embeddable":true,"href":"https:\/\/camille-lorenz.com\/fr\/wp-json\/wp\/v2\/comments?post=3206"}],"version-history":[{"count":10,"href":"https:\/\/camille-lorenz.com\/fr\/wp-json\/wp\/v2\/pages\/3206\/revisions"}],"predecessor-version":[{"id":3223,"href":"https:\/\/camille-lorenz.com\/fr\/wp-json\/wp\/v2\/pages\/3206\/revisions\/3223"}],"wp:attachment":[{"href":"https:\/\/camille-lorenz.com\/fr\/wp-json\/wp\/v2\/media?parent=3206"}],"curies":[{"name":"wp","href":"https:\/\/api.w.org\/{rel}","templated":true}]}}