{"id":2425,"date":"2021-03-20T15:31:04","date_gmt":"2021-03-20T14:31:04","guid":{"rendered":"https:\/\/camille-lorenz.com\/?page_id=2425"},"modified":"2026-03-13T19:40:38","modified_gmt":"2026-03-13T18:40:38","slug":"impressum","status":"publish","type":"page","link":"https:\/\/camille-lorenz.com\/fr\/impressum\/","title":{"rendered":"Impressum"},"content":{"rendered":"\n<p>Lire aussi le \u201eImpressum\u201c de la version allemande<\/p>\n\n\n\n<p>Propri\u00e9taire du site:<\/p>\n\n\n\n<p>Camille Lorenz Consulting<\/p>\n\n\n\n<p>Yoga Kundalini, Coaching, Organisation<\/p>\n\n\n\n<p>Am Ziehgraben 27<\/p>\n\n\n\n<p>60488 Frankfurt<\/p>\n\n\n\n<p>H\u00e9bergement :<\/p>\n\n\n\n<p>Neue Medien M\u00fcnnich<\/p>\n\n\n\n<p>Hauptstra\u00dfe 68<\/p>\n\n\n\n<p>02742 Friedersdorf<\/p>\n\n\n\n<p>Site web: all-inkl.com<\/p>\n\n\n\n<p>Contact :<br><a href=\"mailto:mail@camille-lorenz.com\">mail@camille-lorenz.com<\/a><\/p>\n\n\n\n<p>Tel.: +49 160 354 17 22<\/p>\n","protected":false},"excerpt":{"rendered":"<p>Lire aussi le \u201eImpressum\u201c de la version allemande Propri\u00e9taire du site: Camille Lorenz Consulting Yoga Kundalini, Coaching, Organisation Am Ziehgraben 27 60488 Frankfurt H\u00e9bergement : Neue Medien M\u00fcnnich Hauptstra\u00dfe 68 &#8230; <\/p>\n<div><a href=\"https:\/\/camille-lorenz.com\/fr\/impressum\/\" class=\"more-link\">Read More<\/a><\/div>\n","protected":false},"author":1,"featured_media":0,"parent":0,"menu_order":0,"comment_status":"closed","ping_status":"closed","template":"template-blank-1.php","meta":{"footnotes":""},"class_list":["post-2425","page","type-page","status-publish","hentry","no-post-thumbnail"],"_links":{"self":[{"href":"https:\/\/camille-lorenz.com\/fr\/wp-json\/wp\/v2\/pages\/2425","targetHints":{"allow":["GET"]}}],"collection":[{"href":"https:\/\/camille-lorenz.com\/fr\/wp-json\/wp\/v2\/pages"}],"about":[{"href":"https:\/\/camille-lorenz.com\/fr\/wp-json\/wp\/v2\/types\/page"}],"author":[{"embeddable":true,"href":"https:\/\/camille-lorenz.com\/fr\/wp-json\/wp\/v2\/users\/1"}],"replies":[{"embeddable":true,"href":"https:\/\/camille-lorenz.com\/fr\/wp-json\/wp\/v2\/comments?post=2425"}],"version-history":[{"count":4,"href":"https:\/\/camille-lorenz.com\/fr\/wp-json\/wp\/v2\/pages\/2425\/revisions"}],"predecessor-version":[{"id":3341,"href":"https:\/\/camille-lorenz.com\/fr\/wp-json\/wp\/v2\/pages\/2425\/revisions\/3341"}],"wp:attachment":[{"href":"https:\/\/camille-lorenz.com\/fr\/wp-json\/wp\/v2\/media?parent=2425"}],"curies":[{"name":"wp","href":"https:\/\/api.w.org\/{rel}","templated":true}]}}